{"id":4580,"date":"2022-07-06T15:30:54","date_gmt":"2022-07-06T13:30:54","guid":{"rendered":"https:\/\/jolimmo.ch\/nos-promotions-a-venir\/"},"modified":"2024-02-22T11:09:42","modified_gmt":"2024-02-22T10:09:42","slug":"nos-promotions-a-venir","status":"publish","type":"page","link":"https:\/\/jolimmo.ch\/de\/nos-promotions-a-venir\/","title":{"rendered":"Unsere anstehenden Immobilienprojekte"},"content":{"rendered":"\t\t<div data-elementor-type=\"wp-page\" data-elementor-id=\"4580\" class=\"elementor elementor-4580 elementor-3830\">\n\t\t\t\t\t\t<section class=\"elementor-section elementor-top-section elementor-element elementor-element-8b6af29 elementor-section-boxed elementor-section-height-default elementor-section-height-default qodef-elementor-content-no\" data-id=\"8b6af29\" data-element_type=\"section\" data-e-type=\"section\">\n\t\t\t\t\t\t<div class=\"elementor-container elementor-column-gap-default\">\n\t\t\t\t\t<div class=\"make-column-clickable-elementor elementor-column elementor-col-50 elementor-top-column elementor-element elementor-element-19b2510 hoverColumn\" style=\"cursor: pointer;\" data-column-clickable=\"https:\/\/jolimmo.ch\/de\/contact\/\" data-column-clickable-blank=\"_self\" data-id=\"19b2510\" data-element_type=\"column\" data-e-type=\"column\" data-settings=\"{&quot;background_background&quot;:&quot;classic&quot;}\">\n\t\t\t<div class=\"elementor-widget-wrap elementor-element-populated\">\n\t\t\t\t\t\t<div class=\"elementor-element elementor-element-0607368 elementor-widget elementor-widget-image\" data-id=\"0607368\" data-element_type=\"widget\" data-e-type=\"widget\" data-widget_type=\"image.default\">\n\t\t\t\t<div class=\"elementor-widget-container\">\n\t\t\t\t\t\t\t\t\t\t\t\t\t\t\t<img fetchpriority=\"high\" decoding=\"async\" width=\"1024\" height=\"681\" src=\"https:\/\/jolimmo.ch\/wp-content\/uploads\/2022\/07\/paper-g8ca68385a_1920-1024x681.jpg\" class=\"attachment-large size-large wp-image-4419\" alt=\"\" srcset=\"https:\/\/jolimmo.ch\/wp-content\/uploads\/2022\/07\/paper-g8ca68385a_1920-1024x681.jpg 1024w, https:\/\/jolimmo.ch\/wp-content\/uploads\/2022\/07\/paper-g8ca68385a_1920-300x199.jpg 300w, https:\/\/jolimmo.ch\/wp-content\/uploads\/2022\/07\/paper-g8ca68385a_1920-768x510.jpg 768w, https:\/\/jolimmo.ch\/wp-content\/uploads\/2022\/07\/paper-g8ca68385a_1920-150x100.jpg 150w, https:\/\/jolimmo.ch\/wp-content\/uploads\/2022\/07\/paper-g8ca68385a_1920-1536x1021.jpg 1536w, https:\/\/jolimmo.ch\/wp-content\/uploads\/2022\/07\/paper-g8ca68385a_1920.jpg 1920w\" sizes=\"(max-width: 1024px) 100vw, 1024px\" \/>\t\t\t\t\t\t\t\t\t\t\t\t\t\t\t<\/div>\n\t\t\t\t<\/div>\n\t\t\t\t<div class=\"elementor-element elementor-element-e06370e elementor-widget elementor-widget-text-editor\" data-id=\"e06370e\" data-element_type=\"widget\" data-e-type=\"widget\" data-widget_type=\"text-editor.default\">\n\t\t\t\t<div class=\"elementor-widget-container\">\n\t\t\t\t\t\t\t\t\t<h5>Projekt von 2 Doppelhaush\u00e4lften ohne vis-\u00e0-vis West<\/h5><p><strong>Verf\u00fcgbar ab<\/strong>: in K\u00fcrze<br \/><strong>Standort<\/strong> : Alle (JU)<\/p>\t\t\t\t\t\t\t\t<\/div>\n\t\t\t\t<\/div>\n\t\t\t\t\t<\/div>\n\t\t<\/div>\n\t\t\t\t<div class=\"make-column-clickable-elementor elementor-column elementor-col-50 elementor-top-column elementor-element elementor-element-d8706cf hoverColumn\" style=\"cursor: pointer;\" data-column-clickable=\"https:\/\/jolimmo.ch\/de\/contact\/\" data-column-clickable-blank=\"_self\" data-id=\"d8706cf\" data-element_type=\"column\" data-e-type=\"column\" data-settings=\"{&quot;background_background&quot;:&quot;classic&quot;}\">\n\t\t\t<div class=\"elementor-widget-wrap elementor-element-populated\">\n\t\t\t\t\t\t<div class=\"elementor-element elementor-element-4484371 elementor-widget elementor-widget-image\" data-id=\"4484371\" data-element_type=\"widget\" data-e-type=\"widget\" data-widget_type=\"image.default\">\n\t\t\t\t<div class=\"elementor-widget-container\">\n\t\t\t\t\t\t\t\t\t\t\t\t\t\t\t<img fetchpriority=\"high\" decoding=\"async\" width=\"1024\" height=\"681\" src=\"https:\/\/jolimmo.ch\/wp-content\/uploads\/2022\/07\/paper-g8ca68385a_1920-1024x681.jpg\" class=\"attachment-large size-large wp-image-4419\" alt=\"\" srcset=\"https:\/\/jolimmo.ch\/wp-content\/uploads\/2022\/07\/paper-g8ca68385a_1920-1024x681.jpg 1024w, https:\/\/jolimmo.ch\/wp-content\/uploads\/2022\/07\/paper-g8ca68385a_1920-300x199.jpg 300w, https:\/\/jolimmo.ch\/wp-content\/uploads\/2022\/07\/paper-g8ca68385a_1920-768x510.jpg 768w, https:\/\/jolimmo.ch\/wp-content\/uploads\/2022\/07\/paper-g8ca68385a_1920-150x100.jpg 150w, https:\/\/jolimmo.ch\/wp-content\/uploads\/2022\/07\/paper-g8ca68385a_1920-1536x1021.jpg 1536w, https:\/\/jolimmo.ch\/wp-content\/uploads\/2022\/07\/paper-g8ca68385a_1920.jpg 1920w\" sizes=\"(max-width: 1024px) 100vw, 1024px\" \/>\t\t\t\t\t\t\t\t\t\t\t\t\t\t\t<\/div>\n\t\t\t\t<\/div>\n\t\t\t\t<div class=\"elementor-element elementor-element-7ec011c elementor-widget elementor-widget-text-editor\" data-id=\"7ec011c\" data-element_type=\"widget\" data-e-type=\"widget\" data-widget_type=\"text-editor.default\">\n\t\t\t\t<div class=\"elementor-widget-container\">\n\t\t\t\t\t\t\t\t\t<h5>Entwurf einer Architektenvilla in ruhiger Lage<\/h5><p><strong>Verf\u00fcgbar ab<\/strong>: in K\u00fcrze<br \/><strong>Standort<\/strong> : Bure (JU)<\/p>\t\t\t\t\t\t\t\t<\/div>\n\t\t\t\t<\/div>\n\t\t\t\t\t<\/div>\n\t\t<\/div>\n\t\t\t\t\t<\/div>\n\t\t<\/section>\n\t\t\t\t<\/div>\n\t\t","protected":false},"excerpt":{"rendered":"<p>Projekt von 2 Doppelhaush\u00e4lften ohne vis-\u00e0-vis West Verf\u00fcgbar ab: in K\u00fcrzeStandort : Alle (JU) Entwurf einer Architektenvilla in ruhiger Lage Verf\u00fcgbar ab: in K\u00fcrzeStandort : Bure (JU)<\/p>\n","protected":false},"author":1,"featured_media":0,"parent":0,"menu_order":0,"comment_status":"closed","ping_status":"closed","template":"","meta":{"_acf_changed":false,"footnotes":""},"class_list":["post-4580","page","type-page","status-publish","hentry"],"acf":[],"_links":{"self":[{"href":"https:\/\/jolimmo.ch\/de\/wp-json\/wp\/v2\/pages\/4580","targetHints":{"allow":["GET"]}}],"collection":[{"href":"https:\/\/jolimmo.ch\/de\/wp-json\/wp\/v2\/pages"}],"about":[{"href":"https:\/\/jolimmo.ch\/de\/wp-json\/wp\/v2\/types\/page"}],"author":[{"embeddable":true,"href":"https:\/\/jolimmo.ch\/de\/wp-json\/wp\/v2\/users\/1"}],"replies":[{"embeddable":true,"href":"https:\/\/jolimmo.ch\/de\/wp-json\/wp\/v2\/comments?post=4580"}],"version-history":[{"count":8,"href":"https:\/\/jolimmo.ch\/de\/wp-json\/wp\/v2\/pages\/4580\/revisions"}],"predecessor-version":[{"id":5986,"href":"https:\/\/jolimmo.ch\/de\/wp-json\/wp\/v2\/pages\/4580\/revisions\/5986"}],"wp:attachment":[{"href":"https:\/\/jolimmo.ch\/de\/wp-json\/wp\/v2\/media?parent=4580"}],"curies":[{"name":"wp","href":"https:\/\/api.w.org\/{rel}","templated":true}]}}