{"id":4587,"date":"2022-07-05T08:51:02","date_gmt":"2022-07-05T06:51:02","guid":{"rendered":"https:\/\/jolimmo.ch\/nos-promotions-vendues\/"},"modified":"2026-03-17T13:15:16","modified_gmt":"2026-03-17T12:15:16","slug":"nos-promotions-vendues","status":"publish","type":"page","link":"https:\/\/jolimmo.ch\/de\/nos-promotions-vendues\/","title":{"rendered":"Unsere verkauften Promotionen"},"content":{"rendered":"\t\t<div data-elementor-type=\"wp-page\" data-elementor-id=\"4587\" class=\"elementor elementor-4587 elementor-3752\">\n\t\t\t\t\t\t<section class=\"elementor-section elementor-top-section elementor-element elementor-element-8b6af29 elementor-section-boxed elementor-section-height-default elementor-section-height-default qodef-elementor-content-no\" data-id=\"8b6af29\" data-element_type=\"section\" data-e-type=\"section\">\n\t\t\t\t\t\t<div class=\"elementor-container elementor-column-gap-default\">\n\t\t\t\t\t<div class=\"make-column-clickable-elementor elementor-column elementor-col-50 elementor-top-column elementor-element elementor-element-19b2510\" style=\"cursor: pointer;\" data-column-clickable=\"https:\/\/jolimmo.ch\/nos-promotions-vendues\/villa-darchitecte-a-courrendlin\/\" data-column-clickable-blank=\"_self\" data-id=\"19b2510\" data-element_type=\"column\" data-e-type=\"column\" data-settings=\"{&quot;background_background&quot;:&quot;classic&quot;}\">\n\t\t\t<div class=\"elementor-widget-wrap elementor-element-populated\">\n\t\t\t\t\t\t<div class=\"elementor-element elementor-element-0607368 elementor-widget elementor-widget-image\" data-id=\"0607368\" data-element_type=\"widget\" data-e-type=\"widget\" data-widget_type=\"image.default\">\n\t\t\t\t<div class=\"elementor-widget-container\">\n\t\t\t\t\t\t\t\t\t\t\t\t\t\t\t<img fetchpriority=\"high\" decoding=\"async\" width=\"800\" height=\"600\" src=\"https:\/\/jolimmo.ch\/wp-content\/uploads\/2022\/05\/conseil_courtage-1.jpg\" class=\"attachment-large size-large wp-image-4328\" alt=\"\" srcset=\"https:\/\/jolimmo.ch\/wp-content\/uploads\/2022\/05\/conseil_courtage-1.jpg 800w, https:\/\/jolimmo.ch\/wp-content\/uploads\/2022\/05\/conseil_courtage-1-300x225.jpg 300w, https:\/\/jolimmo.ch\/wp-content\/uploads\/2022\/05\/conseil_courtage-1-768x576.jpg 768w, https:\/\/jolimmo.ch\/wp-content\/uploads\/2022\/05\/conseil_courtage-1-150x113.jpg 150w\" sizes=\"(max-width: 800px) 100vw, 800px\" \/>\t\t\t\t\t\t\t\t\t\t\t\t\t\t\t<\/div>\n\t\t\t\t<\/div>\n\t\t\t\t<div class=\"elementor-element elementor-element-e06370e elementor-widget elementor-widget-text-editor\" data-id=\"e06370e\" data-element_type=\"widget\" data-e-type=\"widget\" data-widget_type=\"text-editor.default\">\n\t\t\t\t<div class=\"elementor-widget-container\">\n\t\t\t\t\t\t\t\t\t<h5><a href=\"https:\/\/jolimmo.ch\/nos-promotions-vendues\/villa-darchitecte-a-courrendlin\/\">Wundersch\u00f6ne Architektenvilla in einer ruhigen Gegend.<\/a><\/h5><p><strong>Verf\u00fcgbar ab<\/strong>: Verkauft<br \/><strong>Standort<\/strong> : Courrendlin (JU)<br \/><strong>Fl\u00e4che und R\u00e4ume<\/strong> : 184 Quadratmeter \/ 5.5 Zimmer<\/p>\t\t\t\t\t\t\t\t<\/div>\n\t\t\t\t<\/div>\n\t\t\t\t\t<\/div>\n\t\t<\/div>\n\t\t\t\t<div class=\"make-column-clickable-elementor elementor-column elementor-col-50 elementor-top-column elementor-element elementor-element-d102026\" style=\"cursor: pointer;\" data-column-clickable=\"https:\/\/jolimmo.ch\/nos-promotions-vendues\/jolie-villa-de-5-5-pieces-a-courfaivre\/\" data-column-clickable-blank=\"_self\" data-id=\"d102026\" data-element_type=\"column\" data-e-type=\"column\" data-settings=\"{&quot;background_background&quot;:&quot;classic&quot;}\">\n\t\t\t<div class=\"elementor-widget-wrap elementor-element-populated\">\n\t\t\t\t\t\t<div class=\"elementor-element elementor-element-7584e0e elementor-widget elementor-widget-image\" data-id=\"7584e0e\" data-element_type=\"widget\" data-e-type=\"widget\" data-widget_type=\"image.default\">\n\t\t\t\t<div class=\"elementor-widget-container\">\n\t\t\t\t\t\t\t\t\t\t\t\t\t\t\t<img decoding=\"async\" width=\"800\" height=\"600\" src=\"https:\/\/jolimmo.ch\/wp-content\/uploads\/2022\/05\/conseil_courtage.jpg\" class=\"attachment-large size-large wp-image-4327\" alt=\"\" srcset=\"https:\/\/jolimmo.ch\/wp-content\/uploads\/2022\/05\/conseil_courtage.jpg 800w, https:\/\/jolimmo.ch\/wp-content\/uploads\/2022\/05\/conseil_courtage-300x225.jpg 300w, https:\/\/jolimmo.ch\/wp-content\/uploads\/2022\/05\/conseil_courtage-768x576.jpg 768w, https:\/\/jolimmo.ch\/wp-content\/uploads\/2022\/05\/conseil_courtage-150x113.jpg 150w\" sizes=\"(max-width: 800px) 100vw, 800px\" \/>\t\t\t\t\t\t\t\t\t\t\t\t\t\t\t<\/div>\n\t\t\t\t<\/div>\n\t\t\t\t<div class=\"elementor-element elementor-element-16d9c56 elementor-widget elementor-widget-text-editor\" data-id=\"16d9c56\" data-element_type=\"widget\" data-e-type=\"widget\" data-widget_type=\"text-editor.default\">\n\t\t\t\t<div class=\"elementor-widget-container\">\n\t\t\t\t\t\t\t\t\t<h5><a href=\"https:\/\/jolimmo.ch\/nos-promotions-vendues\/jolie-villa-de-5-5-pieces-a-courfaivre\/\">Projekt von 3 h\u00fcbschen Villen mit 5.5 Zimmern.<\/a><\/h5><p><strong>Verf\u00fcgbar ab<\/strong>: Verkauft<br \/><strong>Standort<\/strong> : Courfaivre (JU)<br \/><strong>Fl\u00e4che und R\u00e4ume<\/strong> : 167 Quadratmeter \/ 5.5 Zimmer<\/p>\t\t\t\t\t\t\t\t<\/div>\n\t\t\t\t<\/div>\n\t\t\t\t\t<\/div>\n\t\t<\/div>\n\t\t\t\t\t<\/div>\n\t\t<\/section>\n\t\t\t\t<section class=\"elementor-section elementor-top-section elementor-element elementor-element-5e4e547 elementor-section-boxed elementor-section-height-default elementor-section-height-default qodef-elementor-content-no\" data-id=\"5e4e547\" data-element_type=\"section\" data-e-type=\"section\">\n\t\t\t\t\t\t<div class=\"elementor-container elementor-column-gap-default\">\n\t\t\t\t\t<div class=\"make-column-clickable-elementor elementor-column elementor-col-50 elementor-top-column elementor-element elementor-element-c0e2b70 hoverColumn\" style=\"cursor: pointer;\" data-column-clickable=\"\/nos-promotions\/villa-a-courfaivre\/\" data-column-clickable-blank=\"_self\" data-id=\"c0e2b70\" data-element_type=\"column\" data-e-type=\"column\" data-settings=\"{&quot;background_background&quot;:&quot;classic&quot;}\">\n\t\t\t<div class=\"elementor-widget-wrap elementor-element-populated\">\n\t\t\t\t\t\t<div class=\"elementor-element elementor-element-d1ed453 elementor-widget elementor-widget-image\" data-id=\"d1ed453\" data-element_type=\"widget\" data-e-type=\"widget\" data-widget_type=\"image.default\">\n\t\t\t\t<div class=\"elementor-widget-container\">\n\t\t\t\t\t\t\t\t\t\t\t\t\t\t\t<img decoding=\"async\" width=\"1024\" height=\"687\" src=\"https:\/\/jolimmo.ch\/wp-content\/uploads\/2022\/06\/Final_Exterior_View1-min-1-1024x687.jpg\" class=\"attachment-large size-large wp-image-4398\" alt=\"\" srcset=\"https:\/\/jolimmo.ch\/wp-content\/uploads\/2022\/06\/Final_Exterior_View1-min-1-1024x687.jpg 1024w, https:\/\/jolimmo.ch\/wp-content\/uploads\/2022\/06\/Final_Exterior_View1-min-1-300x201.jpg 300w, https:\/\/jolimmo.ch\/wp-content\/uploads\/2022\/06\/Final_Exterior_View1-min-1-768x515.jpg 768w, https:\/\/jolimmo.ch\/wp-content\/uploads\/2022\/06\/Final_Exterior_View1-min-1-150x101.jpg 150w, https:\/\/jolimmo.ch\/wp-content\/uploads\/2022\/06\/Final_Exterior_View1-min-1-1536x1031.jpg 1536w, https:\/\/jolimmo.ch\/wp-content\/uploads\/2022\/06\/Final_Exterior_View1-min-1.jpg 2000w\" sizes=\"(max-width: 1024px) 100vw, 1024px\" \/>\t\t\t\t\t\t\t\t\t\t\t\t\t\t\t<\/div>\n\t\t\t\t<\/div>\n\t\t\t\t<div class=\"elementor-element elementor-element-766c68c elementor-widget elementor-widget-text-editor\" data-id=\"766c68c\" data-element_type=\"widget\" data-e-type=\"widget\" data-widget_type=\"text-editor.default\">\n\t\t\t\t<div class=\"elementor-widget-container\">\n\t\t\t\t\t\t\t\t\t<h5><a href=\"\/nos-promotions\/villa-a-courfaivre\/\">Gro\u00dfe 6.5-Zimmer-Architektenvilla mit sch\u00f6nem Grundst\u00fcck.<\/a><\/h5><p><strong>Verf\u00fcgbar ab<\/strong>: Verkauft<br \/><strong>Standort<\/strong> : Courfaivre (JU)<br \/><strong>Fl\u00e4che und R\u00e4ume<\/strong> : 5.5 Zimmer \/ 110 Quadratmeter<\/p>\t\t\t\t\t\t\t\t<\/div>\n\t\t\t\t<\/div>\n\t\t\t\t\t<\/div>\n\t\t<\/div>\n\t\t\t\t<div class=\"make-column-clickable-elementor elementor-column elementor-col-50 elementor-top-column elementor-element elementor-element-6ff7c02 hoverColumn\" style=\"cursor: pointer;\" data-column-clickable=\"\/nos-promotions\/2-immeubles-de-5-appartemetns\/\" data-column-clickable-blank=\"_self\" data-id=\"6ff7c02\" data-element_type=\"column\" data-e-type=\"column\" data-settings=\"{&quot;background_background&quot;:&quot;classic&quot;}\">\n\t\t\t<div class=\"elementor-widget-wrap elementor-element-populated\">\n\t\t\t\t\t\t<div class=\"elementor-element elementor-element-5d8c8ed elementor-widget elementor-widget-image\" data-id=\"5d8c8ed\" data-element_type=\"widget\" data-e-type=\"widget\" data-widget_type=\"image.default\">\n\t\t\t\t<div class=\"elementor-widget-container\">\n\t\t\t\t\t\t\t\t\t\t\t\t\t\t\t<img loading=\"lazy\" decoding=\"async\" width=\"1024\" height=\"576\" src=\"https:\/\/jolimmo.ch\/wp-content\/uploads\/2024\/02\/Final_Insert_View1-2-1024x576.jpg\" class=\"attachment-large size-large wp-image-5988\" alt=\"\" srcset=\"https:\/\/jolimmo.ch\/wp-content\/uploads\/2024\/02\/Final_Insert_View1-2-1024x576.jpg 1024w, https:\/\/jolimmo.ch\/wp-content\/uploads\/2024\/02\/Final_Insert_View1-2-300x169.jpg 300w, https:\/\/jolimmo.ch\/wp-content\/uploads\/2024\/02\/Final_Insert_View1-2-768x432.jpg 768w, https:\/\/jolimmo.ch\/wp-content\/uploads\/2024\/02\/Final_Insert_View1-2-150x84.jpg 150w, https:\/\/jolimmo.ch\/wp-content\/uploads\/2024\/02\/Final_Insert_View1-2-1536x864.jpg 1536w, https:\/\/jolimmo.ch\/wp-content\/uploads\/2024\/02\/Final_Insert_View1-2-2048x1152.jpg 2048w\" sizes=\"(max-width: 1024px) 100vw, 1024px\" \/>\t\t\t\t\t\t\t\t\t\t\t\t\t\t\t<\/div>\n\t\t\t\t<\/div>\n\t\t\t\t<div class=\"elementor-element elementor-element-d33f8db elementor-widget elementor-widget-text-editor\" data-id=\"d33f8db\" data-element_type=\"widget\" data-e-type=\"widget\" data-widget_type=\"text-editor.default\">\n\t\t\t\t<div class=\"elementor-widget-container\">\n\t\t\t\t\t\t\t\t\t<h5>2 Geb\u00e4ude mit je 5 Wohnungen in Rossemaison<\/h5><p><strong>Disponible d\u00e8s : <\/strong>Verkauft<br \/><strong>Emplacement<\/strong> : Rossemaison (JU)<\/p>\t\t\t\t\t\t\t\t<\/div>\n\t\t\t\t<\/div>\n\t\t\t\t\t<\/div>\n\t\t<\/div>\n\t\t\t\t\t<\/div>\n\t\t<\/section>\n\t\t\t\t<\/div>\n\t\t","protected":false},"excerpt":{"rendered":"<p>Wundersch\u00f6ne Architektenvilla in einer ruhigen Gegend. Verf\u00fcgbar ab: VerkauftStandort : Courrendlin (JU)Fl\u00e4che und R\u00e4ume : 184 Quadratmeter \/ 5.5 Zimmer Projekt von 3 h\u00fcbschen Villen mit 5.5 Zimmern. Verf\u00fcgbar ab: VerkauftStandort : Courfaivre (JU)Fl\u00e4che und R\u00e4ume : 167 Quadratmeter \/ 5.5 Zimmer Gro\u00dfe 6.5-Zimmer-Architektenvilla mit sch\u00f6nem Grundst\u00fcck. Verf\u00fcgbar ab: VerkauftStandort : Courfaivre (JU)Fl\u00e4che und R\u00e4ume [&hellip;]<\/p>\n","protected":false},"author":1,"featured_media":0,"parent":0,"menu_order":0,"comment_status":"closed","ping_status":"closed","template":"","meta":{"_acf_changed":false,"footnotes":""},"class_list":["post-4587","page","type-page","status-publish","hentry"],"acf":[],"_links":{"self":[{"href":"https:\/\/jolimmo.ch\/de\/wp-json\/wp\/v2\/pages\/4587","targetHints":{"allow":["GET"]}}],"collection":[{"href":"https:\/\/jolimmo.ch\/de\/wp-json\/wp\/v2\/pages"}],"about":[{"href":"https:\/\/jolimmo.ch\/de\/wp-json\/wp\/v2\/types\/page"}],"author":[{"embeddable":true,"href":"https:\/\/jolimmo.ch\/de\/wp-json\/wp\/v2\/users\/1"}],"replies":[{"embeddable":true,"href":"https:\/\/jolimmo.ch\/de\/wp-json\/wp\/v2\/comments?post=4587"}],"version-history":[{"count":11,"href":"https:\/\/jolimmo.ch\/de\/wp-json\/wp\/v2\/pages\/4587\/revisions"}],"predecessor-version":[{"id":8645,"href":"https:\/\/jolimmo.ch\/de\/wp-json\/wp\/v2\/pages\/4587\/revisions\/8645"}],"wp:attachment":[{"href":"https:\/\/jolimmo.ch\/de\/wp-json\/wp\/v2\/media?parent=4587"}],"curies":[{"name":"wp","href":"https:\/\/api.w.org\/{rel}","templated":true}]}}